{"id":1666,"date":"2024-11-28T13:59:11","date_gmt":"2024-11-28T13:59:11","guid":{"rendered":"https:\/\/ogfinants.ee\/teenused\/"},"modified":"2025-02-06T11:26:06","modified_gmt":"2025-02-06T11:26:06","slug":"teenused","status":"publish","type":"page","link":"https:\/\/ogfinants.ee\/et\/teenused\/","title":{"rendered":"Teenused"},"content":{"rendered":"\t\t<div data-elementor-type=\"wp-page\" data-elementor-id=\"1666\" class=\"elementor elementor-1666 elementor-1334\" data-elementor-post-type=\"page\">\n\t\t\t\t<div class=\"elementor-element elementor-element-7bfcfa4 e-flex e-con-boxed e-con e-parent\" data-id=\"7bfcfa4\" data-element_type=\"container\" data-settings=\"{&quot;background_background&quot;:&quot;classic&quot;}\">\n\t\t\t\t\t<div class=\"e-con-inner\">\n\t\t\t\t<div class=\"elementor-element elementor-element-60663ef elementor-widget__width-initial elementor-invisible elementor-widget elementor-widget-heading\" data-id=\"60663ef\" data-element_type=\"widget\" data-settings=\"{&quot;_animation&quot;:&quot;fadeIn&quot;,&quot;_animation_delay&quot;:200}\" data-widget_type=\"heading.default\">\n\t\t\t\t<div class=\"elementor-widget-container\">\n\t\t\t\t\t<h2 class=\"elementor-heading-title elementor-size-default\">Teenused<\/h2>\t\t\t\t<\/div>\n\t\t\t\t<\/div>\n\t\t\t\t\t<\/div>\n\t\t\t\t<\/div>\n\t\t<div class=\"elementor-element elementor-element-f432be0 e-flex e-con-boxed e-con e-parent\" data-id=\"f432be0\" data-element_type=\"container\">\n\t\t\t\t\t<div class=\"e-con-inner\">\n\t\t<div class=\"elementor-element elementor-element-ca6b6ce e-con-full e-flex e-con e-child\" data-id=\"ca6b6ce\" data-element_type=\"container\">\n\t\t\t\t<div class=\"elementor-element elementor-element-c76af1e elementor-widget__width-auto elementor-invisible elementor-widget elementor-widget-heading\" data-id=\"c76af1e\" data-element_type=\"widget\" data-settings=\"{&quot;_animation&quot;:&quot;fadeIn&quot;,&quot;_animation_delay&quot;:200}\" data-widget_type=\"heading.default\">\n\t\t\t\t<div class=\"elementor-widget-container\">\n\t\t\t\t\t<h2 class=\"elementor-heading-title elementor-size-default\">Meie teenused<\/h2>\t\t\t\t<\/div>\n\t\t\t\t<\/div>\n\t\t\t\t<div class=\"elementor-element elementor-element-b65b097 elementor-invisible elementor-widget elementor-widget-elementskit-heading\" data-id=\"b65b097\" data-element_type=\"widget\" data-settings=\"{&quot;_animation&quot;:&quot;fadeIn&quot;,&quot;_animation_delay&quot;:250}\" data-widget_type=\"elementskit-heading.default\">\n\t\t\t\t<div class=\"elementor-widget-container\">\n\t\t\t\t\t<div class=\"ekit-wid-con\" ><div class=\"ekit-heading elementskit-section-title-wraper text_left   ekit_heading_tablet-   ekit_heading_mobile-\"><h2 class=\"ekit-heading--title elementskit-section-title \">Meilt saate k\u00f5ik <span><span>vajalikud teenused<\/span><\/span><\/h2><\/div><\/div>\t\t\t\t<\/div>\n\t\t\t\t<\/div>\n\t\t<div class=\"elementor-element elementor-element-54c9e24 e-grid e-con-full e-con e-child\" data-id=\"54c9e24\" data-element_type=\"container\">\n\t\t<div class=\"elementor-element elementor-element-801ecec e-con-full e-flex e-con e-child\" data-id=\"801ecec\" data-element_type=\"container\" data-settings=\"{&quot;background_background&quot;:&quot;classic&quot;}\">\n\t\t<div class=\"elementor-element elementor-element-9372d88 e-con-full e-flex e-con e-child\" data-id=\"9372d88\" data-element_type=\"container\">\n\t\t\t\t<div class=\"elementor-element elementor-element-10d3f80 elementor-view-default elementor-widget elementor-widget-icon\" data-id=\"10d3f80\" data-element_type=\"widget\" data-widget_type=\"icon.default\">\n\t\t\t\t<div class=\"elementor-widget-container\">\n\t\t\t\t\t\t\t<div class=\"elementor-icon-wrapper\">\n\t\t\t<div class=\"elementor-icon\">\n\t\t\t<i aria-hidden=\"true\" class=\"icon icon-money-3\"><\/i>\t\t\t<\/div>\n\t\t<\/div>\n\t\t\t\t\t\t<\/div>\n\t\t\t\t<\/div>\n\t\t\t\t<div class=\"elementor-element elementor-element-f166b0e elementor-widget elementor-widget-heading\" data-id=\"f166b0e\" data-element_type=\"widget\" data-widget_type=\"heading.default\">\n\t\t\t\t<div class=\"elementor-widget-container\">\n\t\t\t\t\t<h2 class=\"elementor-heading-title elementor-size-default\">Raamatupidamis- ja audititeenused<\/h2>\t\t\t\t<\/div>\n\t\t\t\t<\/div>\n\t\t\t\t<\/div>\n\t\t<div class=\"elementor-element elementor-element-582f597 e-con-full e-flex e-con e-child\" data-id=\"582f597\" data-element_type=\"container\">\n\t\t\t\t<div class=\"elementor-element elementor-element-46966fd elementor-widget elementor-widget-text-editor\" data-id=\"46966fd\" data-element_type=\"widget\" data-widget_type=\"text-editor.default\">\n\t\t\t\t<div class=\"elementor-widget-container\">\n\t\t\t\t\t\t\t\t\t<p class=\"p1\">Terviklik finantsjuhtimine, mis on koosk\u00f5las Eesti \u00f5igusaktidega ning mida korraldavad kogenud spetsialistid, kes hoiavad teie ettev\u00f5tte finantsasjad korras<span class=\"s1\">.<\/span><\/p>\n\t\t\t\t\t\t\t\t<\/div>\n\t\t\t\t<\/div>\n\t\t\t\t<div class=\"elementor-element elementor-element-e3b23ff elementor-widget elementor-widget-button\" data-id=\"e3b23ff\" data-element_type=\"widget\" data-widget_type=\"button.default\">\n\t\t\t\t<div class=\"elementor-widget-container\">\n\t\t\t\t\t\t\t\t\t<div class=\"elementor-button-wrapper\">\n\t\t\t\t\t<a class=\"elementor-button elementor-button-link elementor-size-sm\" href=\"https:\/\/ogfinants.ee\/et\/raamatupidamis-audiiteenused\/\">\n\t\t\t\t\t\t<span class=\"elementor-button-content-wrapper\">\n\t\t\t\t\t\t\t\t\t<span class=\"elementor-button-text\">UURI ROHKEM<\/span>\n\t\t\t\t\t<\/span>\n\t\t\t\t\t<\/a>\n\t\t\t\t<\/div>\n\t\t\t\t\t\t\t\t<\/div>\n\t\t\t\t<\/div>\n\t\t\t\t<\/div>\n\t\t\t\t<\/div>\n\t\t<div class=\"elementor-element elementor-element-8591b24 e-con-full e-flex e-con e-child\" data-id=\"8591b24\" data-element_type=\"container\" data-settings=\"{&quot;background_background&quot;:&quot;classic&quot;}\">\n\t\t<div class=\"elementor-element elementor-element-15db1ce e-con-full e-flex e-con e-child\" data-id=\"15db1ce\" data-element_type=\"container\">\n\t\t\t\t<div class=\"elementor-element elementor-element-9f82361 elementor-view-default elementor-widget elementor-widget-icon\" data-id=\"9f82361\" data-element_type=\"widget\" data-widget_type=\"icon.default\">\n\t\t\t\t<div class=\"elementor-widget-container\">\n\t\t\t\t\t\t\t<div class=\"elementor-icon-wrapper\">\n\t\t\t<div class=\"elementor-icon\">\n\t\t\t<i aria-hidden=\"true\" class=\"jki jki-consult-light\"><\/i>\t\t\t<\/div>\n\t\t<\/div>\n\t\t\t\t\t\t<\/div>\n\t\t\t\t<\/div>\n\t\t\t\t<div class=\"elementor-element elementor-element-0e55270 elementor-widget elementor-widget-heading\" data-id=\"0e55270\" data-element_type=\"widget\" data-widget_type=\"heading.default\">\n\t\t\t\t<div class=\"elementor-widget-container\">\n\t\t\t\t\t<h2 class=\"elementor-heading-title elementor-size-default\">Tugi &amp; haldus<\/h2>\t\t\t\t<\/div>\n\t\t\t\t<\/div>\n\t\t\t\t<\/div>\n\t\t<div class=\"elementor-element elementor-element-d98eda9 e-con-full e-flex e-con e-child\" data-id=\"d98eda9\" data-element_type=\"container\">\n\t\t\t\t<div class=\"elementor-element elementor-element-f527564 elementor-widget elementor-widget-text-editor\" data-id=\"f527564\" data-element_type=\"widget\" data-widget_type=\"text-editor.default\">\n\t\t\t\t<div class=\"elementor-widget-container\">\n\t\t\t\t\t\t\t\t\t<p class=\"p1\">Meie pakutav optimaalne haldustugi h\u00f5lmab k\u00f5ike alates arvete esitamisest, panga\u00fclekannetest ning k\u00e4ibemaksukohustuslasena registreerimisest kuni \u00e4riregistri andmete ajakohastamiseni \u2013 ikka selleks, et teie \u00e4ritegevus kulgeks t\u00f5rgeteta.<\/p>\n\t\t\t\t\t\t\t\t<\/div>\n\t\t\t\t<\/div>\n\t\t\t\t<div class=\"elementor-element elementor-element-3bac1c2 elementor-widget elementor-widget-button\" data-id=\"3bac1c2\" data-element_type=\"widget\" data-widget_type=\"button.default\">\n\t\t\t\t<div class=\"elementor-widget-container\">\n\t\t\t\t\t\t\t\t\t<div class=\"elementor-button-wrapper\">\n\t\t\t\t\t<a class=\"elementor-button elementor-button-link elementor-size-sm\" href=\"https:\/\/ogfinants.ee\/et\/tugi-haldus\/\">\n\t\t\t\t\t\t<span class=\"elementor-button-content-wrapper\">\n\t\t\t\t\t\t\t\t\t<span class=\"elementor-button-text\">UURI ROHKEM<\/span>\n\t\t\t\t\t<\/span>\n\t\t\t\t\t<\/a>\n\t\t\t\t<\/div>\n\t\t\t\t\t\t\t\t<\/div>\n\t\t\t\t<\/div>\n\t\t\t\t<\/div>\n\t\t\t\t<\/div>\n\t\t<div class=\"elementor-element elementor-element-c7d0a01 e-con-full e-flex e-con e-child\" data-id=\"c7d0a01\" data-element_type=\"container\" data-settings=\"{&quot;background_background&quot;:&quot;classic&quot;}\">\n\t\t<div class=\"elementor-element elementor-element-e91f123 e-con-full e-flex e-con e-child\" data-id=\"e91f123\" data-element_type=\"container\">\n\t\t\t\t<div class=\"elementor-element elementor-element-69095f5 elementor-view-default elementor-widget elementor-widget-icon\" data-id=\"69095f5\" data-element_type=\"widget\" data-widget_type=\"icon.default\">\n\t\t\t\t<div class=\"elementor-widget-container\">\n\t\t\t\t\t\t\t<div class=\"elementor-icon-wrapper\">\n\t\t\t<div class=\"elementor-icon\">\n\t\t\t<i aria-hidden=\"true\" class=\"icon icon-document\"><\/i>\t\t\t<\/div>\n\t\t<\/div>\n\t\t\t\t\t\t<\/div>\n\t\t\t\t<\/div>\n\t\t\t\t<div class=\"elementor-element elementor-element-98ddb03 elementor-widget elementor-widget-heading\" data-id=\"98ddb03\" data-element_type=\"widget\" data-widget_type=\"heading.default\">\n\t\t\t\t<div class=\"elementor-widget-container\">\n\t\t\t\t\t<h2 class=\"elementor-heading-title elementor-size-default\">Finantsaruanded<\/h2>\t\t\t\t<\/div>\n\t\t\t\t<\/div>\n\t\t\t\t<\/div>\n\t\t<div class=\"elementor-element elementor-element-dfa6ae5 e-con-full e-flex e-con e-child\" data-id=\"dfa6ae5\" data-element_type=\"container\">\n\t\t\t\t<div class=\"elementor-element elementor-element-eb02955 elementor-widget elementor-widget-text-editor\" data-id=\"eb02955\" data-element_type=\"widget\" data-widget_type=\"text-editor.default\">\n\t\t\t\t<div class=\"elementor-widget-container\">\n\t\t\t\t\t\t\t\t\t<p class=\"p1\">\u00dcksikasjalik finantsaruandlus ja -anal\u00fc\u00fcs annab selge \u00fclevaate ettev\u00f5tte tulemuslikkusest ning tagab \u00f5igeks ajaks k\u00f5igi kohustuslike aruannete, sh aastaaruannete esitamise.<\/p>\n\t\t\t\t\t\t\t\t<\/div>\n\t\t\t\t<\/div>\n\t\t\t\t<div class=\"elementor-element elementor-element-ef2179b elementor-widget elementor-widget-button\" data-id=\"ef2179b\" data-element_type=\"widget\" data-widget_type=\"button.default\">\n\t\t\t\t<div class=\"elementor-widget-container\">\n\t\t\t\t\t\t\t\t\t<div class=\"elementor-button-wrapper\">\n\t\t\t\t\t<a class=\"elementor-button elementor-button-link elementor-size-sm\" href=\"https:\/\/ogfinants.ee\/et\/raamatupidamis-audiiteenused\/\">\n\t\t\t\t\t\t<span class=\"elementor-button-content-wrapper\">\n\t\t\t\t\t\t\t\t\t<span class=\"elementor-button-text\">UURI ROHKEM<\/span>\n\t\t\t\t\t<\/span>\n\t\t\t\t\t<\/a>\n\t\t\t\t<\/div>\n\t\t\t\t\t\t\t\t<\/div>\n\t\t\t\t<\/div>\n\t\t\t\t<\/div>\n\t\t\t\t<\/div>\n\t\t<div class=\"elementor-element elementor-element-7776c0e e-con-full e-flex e-con e-child\" data-id=\"7776c0e\" data-element_type=\"container\" data-settings=\"{&quot;background_background&quot;:&quot;classic&quot;}\">\n\t\t<div class=\"elementor-element elementor-element-a953c26 e-con-full e-flex e-con e-child\" data-id=\"a953c26\" data-element_type=\"container\">\n\t\t\t\t<div class=\"elementor-element elementor-element-3d57e3c elementor-view-default elementor-widget elementor-widget-icon\" data-id=\"3d57e3c\" data-element_type=\"widget\" data-widget_type=\"icon.default\">\n\t\t\t\t<div class=\"elementor-widget-container\">\n\t\t\t\t\t\t\t<div class=\"elementor-icon-wrapper\">\n\t\t\t<div class=\"elementor-icon\">\n\t\t\t<i aria-hidden=\"true\" class=\"icon icon-briefcase1\"><\/i>\t\t\t<\/div>\n\t\t<\/div>\n\t\t\t\t\t\t<\/div>\n\t\t\t\t<\/div>\n\t\t\t\t<div class=\"elementor-element elementor-element-f29204c elementor-widget elementor-widget-heading\" data-id=\"f29204c\" data-element_type=\"widget\" data-widget_type=\"heading.default\">\n\t\t\t\t<div class=\"elementor-widget-container\">\n\t\t\t\t\t<h2 class=\"elementor-heading-title elementor-size-default\">Ettev\u00f5tte asutamine ja juriidiline aadress\/kontaktisik<\/h2>\t\t\t\t<\/div>\n\t\t\t\t<\/div>\n\t\t\t\t<\/div>\n\t\t<div class=\"elementor-element elementor-element-d366943 e-con-full e-flex e-con e-child\" data-id=\"d366943\" data-element_type=\"container\">\n\t\t\t\t<div class=\"elementor-element elementor-element-e555e78 elementor-widget elementor-widget-text-editor\" data-id=\"e555e78\" data-element_type=\"widget\" data-widget_type=\"text-editor.default\">\n\t\t\t\t<div class=\"elementor-widget-container\">\n\t\t\t\t\t\t\t\t\t<p class=\"p1\">Ettev\u00f5tte professionaalne esindamine Eestis koos juriidilise aadressi ja kontaktisikuga, kes j\u00e4rgib k\u00f5iki kohalikke n\u00f5udeid<span class=\"s1\">.<\/span><\/p>\n\t\t\t\t\t\t\t\t<\/div>\n\t\t\t\t<\/div>\n\t\t\t\t<div class=\"elementor-element elementor-element-b5c2030 elementor-widget elementor-widget-button\" data-id=\"b5c2030\" data-element_type=\"widget\" data-widget_type=\"button.default\">\n\t\t\t\t<div class=\"elementor-widget-container\">\n\t\t\t\t\t\t\t\t\t<div class=\"elementor-button-wrapper\">\n\t\t\t\t\t<a class=\"elementor-button elementor-button-link elementor-size-sm\" href=\"https:\/\/ogfinants.ee\/et\/ettevotte-asutamine-ja-juriidiline-aadress-kontaktisik\/\">\n\t\t\t\t\t\t<span class=\"elementor-button-content-wrapper\">\n\t\t\t\t\t\t\t\t\t<span class=\"elementor-button-text\">UURI ROHKEM<\/span>\n\t\t\t\t\t<\/span>\n\t\t\t\t\t<\/a>\n\t\t\t\t<\/div>\n\t\t\t\t\t\t\t\t<\/div>\n\t\t\t\t<\/div>\n\t\t\t\t<\/div>\n\t\t\t\t<\/div>\n\t\t\t\t<\/div>\n\t\t\t\t<\/div>\n\t\t\t\t\t<\/div>\n\t\t\t\t<\/div>\n\t\t\t\t<\/div>\n\t\t","protected":false},"excerpt":{"rendered":"<p>Teenused Meie teenused Meilt saate k\u00f5ik vajalikud teenused Raamatupidamis- ja audititeenused Terviklik finantsjuhtimine, mis on koosk\u00f5las Eesti \u00f5igusaktidega ning mida&#8230;<\/p>\n","protected":false},"author":3,"featured_media":0,"parent":0,"menu_order":0,"comment_status":"closed","ping_status":"closed","template":"","meta":{"_acf_changed":false,"inline_featured_image":false,"footnotes":""},"class_list":["post-1666","page","type-page","status-publish","hentry"],"acf":[],"_links":{"self":[{"href":"https:\/\/ogfinants.ee\/et\/wp-json\/wp\/v2\/pages\/1666","targetHints":{"allow":["GET"]}}],"collection":[{"href":"https:\/\/ogfinants.ee\/et\/wp-json\/wp\/v2\/pages"}],"about":[{"href":"https:\/\/ogfinants.ee\/et\/wp-json\/wp\/v2\/types\/page"}],"author":[{"embeddable":true,"href":"https:\/\/ogfinants.ee\/et\/wp-json\/wp\/v2\/users\/3"}],"replies":[{"embeddable":true,"href":"https:\/\/ogfinants.ee\/et\/wp-json\/wp\/v2\/comments?post=1666"}],"version-history":[{"count":1,"href":"https:\/\/ogfinants.ee\/et\/wp-json\/wp\/v2\/pages\/1666\/revisions"}],"predecessor-version":[{"id":1667,"href":"https:\/\/ogfinants.ee\/et\/wp-json\/wp\/v2\/pages\/1666\/revisions\/1667"}],"wp:attachment":[{"href":"https:\/\/ogfinants.ee\/et\/wp-json\/wp\/v2\/media?parent=1666"}],"curies":[{"name":"wp","href":"https:\/\/api.w.org\/{rel}","templated":true}]}}